{"id":430,"date":"2020-06-06T18:44:13","date_gmt":"2020-06-06T16:44:13","guid":{"rendered":"https:\/\/lawnch.nl\/general-conditions\/"},"modified":"2023-11-12T00:06:38","modified_gmt":"2023-11-11T22:06:38","slug":"algemene-voorwaarden","status":"publish","type":"page","link":"https:\/\/lawnch.nl\/nl\/algemene-voorwaarden\/","title":{"rendered":"Algemene Voorwaarden"},"content":{"rendered":"<p>[et_pb_section fb_built=&#8221;1&#8243; _builder_version=&#8221;4.16&#8243; global_colors_info=&#8221;{}&#8221;][et_pb_row _builder_version=&#8221;4.16&#8243; global_colors_info=&#8221;{}&#8221;][et_pb_column type=&#8221;4_4&#8243; _builder_version=&#8221;4.16&#8243; global_colors_info=&#8221;{}&#8221;][et_pb_text _builder_version=&#8221;4.23.1&#8243; text_font=&#8221;Raleway||||||||&#8221; header_font=&#8221;Raleway||||||||&#8221; hover_enabled=&#8221;0&#8243; global_colors_info=&#8221;{}&#8221; sticky_enabled=&#8221;0&#8243;]<\/p>\n<h1>ALGEMENE VOORWAARDEN<\/h1>\n<ol>\n<li>LAWNCH is de handelsnaam en het merk van Van Roeyen Advocatuur B.V. (Kamer van Koophandel nummer 77692330).<\/li>\n<li>Deze algemene voorwaarden zijn van toepassing op alle diensten van en alle overeenkomsten met LAWNCH. De algemene voorwaarden zijn geregistreerd bij de Kamer van Koophandel en kunnen ook worden geraadpleegd op de website van LAWNCH (www.lawnch.nl).<\/li>\n<li>Deze algemene voorwaarden zijn ook van toepassing op diensten verleend door derden met wie LAWNCH een managementovereenkomst heeft of heeft gehad en\/of die voor LAWNCH werkzaamheden verrichten of hebben verricht, ongeacht op welke (contractuele) voet deze werkzaamheden zijn of worden verricht.<\/li>\n<li>Indien de dienstverlening door LAWNCH is vastgelegd in een opdrachtbevestiging, zijn deze algemene voorwaarden van toepassing op deze dienstverlening.<\/li>\n<li>Artikelen 7:404 BW, 7:407 lid 2 en 7:409 BW zijn niet van toepassing. Alle opdrachten worden geacht uitsluitend door de cli\u00ebnt te zijn verstrekt en door LAWNCH te zijn aanvaard en te worden uitgevoerd.<\/li>\n<li>De dienstverlening door LAWNCH kan uitsluitend plaatsvinden indien cli\u00ebnt LAWNCH deugdelijk informeert over zijn doelstellingen en onmiddellijk voorziet van de informatie die LAWNCH nodig heeft om haar diensten te verlenen.<\/li>\n<li>LAWNCH voert de dienstverlening uitsluitend uit ten behoeve van cli\u00ebnt en niet voor derden. Derden kunnen zich niet baseren op de resultaten van de aan cli\u00ebnt verleende diensten en evenmin enig recht ontlenen aan de (uitvoering) van de dienstverlening en de resultaten daarvan.<\/li>\n<li>Client vrijwaart LAWNCH tegen alle aanspraken van derden verband houdend met de door LAWNCH voor cli\u00ebnt verrichte werkzaamheden.<\/li>\n<li>Wijzigingen in wet- en regelgeving die plaatsvinden nadat de dienstverlening is verricht, verplichten LAWNCH niet om cli\u00ebnt te adviseren over deze wijzigingen of tot aanvullende dienstverlening, waarbij deze wijzigingen in acht worden genomen.<\/li>\n<li>LAWNCH is niet aansprakelijk voor tekortkomingen van door LAWNCH bij de dienstverlening voor cli\u00ebnt ingeschakelde derden (zoals deurwaarders, specialisten, accountants). LAWNCH is gerechtigd om namens cli\u00ebnt door derden gehanteerde voorwaarden en aansprakelijkheidsbeperkingen te aanvaarden. Het staat LAWNCH vrij de door haar ingeschakelde derden zelf te kiezen, tenzij het gangbaar of redelijk is om deze derden in te schakelen in overleg met cli\u00ebnt. Cli\u00ebnt aanvaardt dat LAWNCH gerechtigd is vertrouwelijke informatie in relatie tot cli\u00ebnt te delen met derden, meer in het bijzonder de hiervoor uitdrukkelijk genoemde derden.<\/li>\n<li>Op grond van de geldende regelgeving (waaronder de Wwft) is LAWNCH verplicht de identiteit van cli\u00ebnten vast te stellen en onder omstandigheden ongebruikelijke transacties onder omstandigheden aan de autoriteiten te melden. Client bevestigt hiermee bekend te zijn en hiervoor voor zover nodig bij voorbaat toestemming te geven. Tevens vrijwaart cli\u00ebnt LAWNCH voor aanspraken van derden tegen LAWNCH die verband houden met een ten onrechte gedane melding in dit kader.<\/li>\n<li>De aansprakelijkheid van LAWNCH is beperkt tot het bedrag dat in voorkomend geval onder de door LAWNCH afgesloten beroepsaansprakelijkheidsverzekering wordt uitbetaald, met inbegrip van het bedrag van het eigen risico dat ingevolge de verzekeringsovereenkomst voor rekening van LAWNCH komt. Indien om welke reden dan ook de bovengenoemde verzekering geen aanspraak geeft op enig bedrag, dan is de aansprakelijkheid van LAWNCH beperkt tot een bedrag ad EUR 10.000,-, dan wel indien het honorarium exclusief BTW dat is betaald voor de uitvoering van de opdracht waarmee de claim verband houdt, hoger is dan EUR 10.000,- exclusief BTW, tot een bedrag gelijk aan dit betaald honorarium met een maximum van EUR 20.000,-. LAWNCH is niet aansprakelijk voor enige schade die op welke wijze ook het gevolg is van de insolventie of het anderszins niet nakomen van verplichtingen van of door enige bank, financi\u00eble instelling of andere derde. Iedere aanspraak op schadevergoeding (ook voor wat betreft het bedrag van het eigen risico) vervalt indien LAWNCH niet van deze aanspraak schriftelijk op de hoogte is gesteld binnen zes maanden nadat cli\u00ebnt bekend is geraakt met deze aanspraak. Bij LAWNCH betrokken natuurlijke personen zijn gerechtigd zich op dezelfde beperkingen en uitsluitingen van aansprakelijkheid te beroepen als LAWNCH.<\/li>\n<li>Cli\u00ebnt is aan LAWNCH voor de verleende diensten een honorarium verschuldigd, vermeerderd met eventuele verschotten en omzetbelasting. Tenzij schriftelijk anders overeengekomen zal het honorarium worden berekend aan de hand van het aantal gewerkte uren, vermenigvuldigd met de van tijd tot tijd door LAWNCH vast te stellen uurtarieven. De genoemde bedragen zijn exclusief BTW. Cli\u00ebnt aanvaardt dat LAWNCH haar tarieven kan wijzigen.<\/li>\n<li>LAWNCH declareert in beginsel maandelijks. Betaling van facturen dient te geschieden binnen veertien dagen na factuurdatum. LAWNCH mag de uitvoering van al haar werkzaamheden opschorten of be\u00ebindigen indien openstaande facturen niet volledig zijn betaald binnen veertien dagen na de factuurdatum. LAWNCH sluit iedere aansprakelijkheid uit voor verlies en\/of schade voortvloeiende uit het opschorten of be\u00ebindigen van de werkzaamheden. Bij gebreke van betaling binnen de geldende termijn, is cli\u00ebnt zonder verdere ingebrekestelling in verzuim en is cli\u00ebnt aansprakelijk voor voldoening van de wettelijke rente als bedoeld in artikel 6:119a BW. Indien betaling na aanmaning uitblijft is LAWNCH gerechtigd buitengerechtelijke incassokosten bij cli\u00ebnt in rekening te brengen. De hoogte van de vergoeding voor buitengerechtelijke incassokosten wordt berekend conform de staffel als opgenomen in het Besluit vergoeding buitengerechtelijke incassokosten (Stb. 2012,141 en 142).<\/li>\n<li>LAWNCH is gerechtigd eventueel betaalde voorschotten te verrekenen met de openstaande declaratie(s).<\/li>\n<li>LAWNCH behoudt zich alle intellectuele- en overige eigendomsrechten voor op alle werken en overige zaken die in verband met de uitvoering van haar werkzaamheden worden ontwikkeld, ontworpen, gegenereerd of gecre\u00eberd, met inbegrip van alle verslagen, schriftelijke adviezen, documenten, gegevens, kennis- en werkdocumenten en alle overige materialen en documenten die cli\u00ebnt van LAWNCH ontvangt.<\/li>\n<li>LAWNCH heeft het recht om dossiers en alle zich daarin bevindende stukken, inclusief stukken die toebehoren aan cli\u00ebnt en\/of derden, zonder verdere aankondiging uit de archieven te verwijderen en te vernietigen, indien 7 jaren of meer zijn verstreken na het afsluiten van een door LAWNCH behandelde kwestie.<\/li>\n<li>Op de dienstverlening door LAWNCH is Nederlands recht van toepassing. De rechtbank Oost-Brabant is exclusief bevoegd om eventuele geschillen te beslechten, maar LAWNCH houdt zich het recht voor om procedures voor een andere bevoegde rechter te starten.<\/li>\n<\/ol>\n<p>[\/et_pb_text][\/et_pb_column][\/et_pb_row][\/et_pb_section]<\/p>\n","protected":false},"excerpt":{"rendered":"<p>ALGEMENE VOORWAARDEN LAWNCH is de handelsnaam en het merk van Van Roeyen Advocatuur B.V. (Kamer van Koophandel nummer 77692330). Deze algemene voorwaarden zijn van toepassing op alle diensten van en alle overeenkomsten met LAWNCH. De algemene voorwaarden zijn geregistreerd bij de Kamer van Koophandel en kunnen ook worden geraadpleegd op de website van LAWNCH (www.lawnch.nl). [&hellip;]<\/p>\n","protected":false},"author":1,"featured_media":0,"parent":0,"menu_order":0,"comment_status":"closed","ping_status":"closed","template":"","meta":{"_et_pb_use_builder":"on","_et_pb_old_content":"","_et_gb_content_width":"","_monsterinsights_skip_tracking":false,"_monsterinsights_sitenote_active":false,"_monsterinsights_sitenote_note":"","_monsterinsights_sitenote_category":0,"footnotes":"","_links_to":"","_links_to_target":""},"class_list":["post-430","page","type-page","status-publish","hentry"],"yoast_head":"<!-- This site is optimized with the Yoast SEO plugin v27.4 - https:\/\/yoast.com\/product\/yoast-seo-wordpress\/ -->\n<title>Algemene Voorwaarden &#8211; LAWNCH<\/title>\n<meta name=\"description\" content=\"LAWNCH is de handelsnaam en het merk gebruikt door Peerboom Advocatuur B.V. (Kamer van Koophandel nummer 63263661), KVH Beheer B.V. (Kamer van Koophandel nummer 17209535) en Van Roeyen Advocatuur B.V. (Kamer van Koophandel nummer 77692330), die ieder voor zich voor eigen rekening en risico een advocatenkantoor exploiteren en ieder afzonderlijk deze algemene voorwaarden gebruiken, hierna allen aangeduid als LAWNCH.\" \/>\n<meta name=\"robots\" content=\"index, follow, max-snippet:-1, max-image-preview:large, max-video-preview:-1\" \/>\n<link rel=\"canonical\" href=\"https:\/\/lawnch.nl\/nl\/algemene-voorwaarden\/\" \/>\n<meta property=\"og:locale\" content=\"nl_NL\" \/>\n<meta property=\"og:type\" content=\"article\" \/>\n<meta property=\"og:title\" content=\"Algemene Voorwaarden &#8211; LAWNCH\" \/>\n<meta property=\"og:description\" content=\"LAWNCH is de handelsnaam en het merk gebruikt door Peerboom Advocatuur B.V. (Kamer van Koophandel nummer 63263661), KVH Beheer B.V. (Kamer van Koophandel nummer 17209535) en Van Roeyen Advocatuur B.V. (Kamer van Koophandel nummer 77692330), die ieder voor zich voor eigen rekening en risico een advocatenkantoor exploiteren en ieder afzonderlijk deze algemene voorwaarden gebruiken, hierna allen aangeduid als LAWNCH.\" \/>\n<meta property=\"og:url\" content=\"https:\/\/lawnch.nl\/nl\/algemene-voorwaarden\/\" \/>\n<meta property=\"og:site_name\" content=\"LAWNCH\" \/>\n<meta property=\"article:modified_time\" content=\"2023-11-11T22:06:38+00:00\" \/>\n<meta name=\"twitter:card\" content=\"summary_large_image\" \/>\n<meta name=\"twitter:label1\" content=\"Geschatte leestijd\" \/>\n\t<meta name=\"twitter:data1\" content=\"5 minuten\" \/>\n<script type=\"application\/ld+json\" class=\"yoast-schema-graph\">{\"@context\":\"https:\\\/\\\/schema.org\",\"@graph\":[{\"@type\":\"WebPage\",\"@id\":\"https:\\\/\\\/lawnch.nl\\\/nl\\\/algemene-voorwaarden\\\/\",\"url\":\"https:\\\/\\\/lawnch.nl\\\/nl\\\/algemene-voorwaarden\\\/\",\"name\":\"Algemene Voorwaarden &#8211; LAWNCH\",\"isPartOf\":{\"@id\":\"https:\\\/\\\/lawnch.nl\\\/#website\"},\"datePublished\":\"2020-06-06T16:44:13+00:00\",\"dateModified\":\"2023-11-11T22:06:38+00:00\",\"description\":\"LAWNCH is de handelsnaam en het merk gebruikt door Peerboom Advocatuur B.V. (Kamer van Koophandel nummer 63263661), KVH Beheer B.V. (Kamer van Koophandel nummer 17209535) en Van Roeyen Advocatuur B.V. (Kamer van Koophandel nummer 77692330), die ieder voor zich voor eigen rekening en risico een advocatenkantoor exploiteren en ieder afzonderlijk deze algemene voorwaarden gebruiken, hierna allen aangeduid als LAWNCH.\",\"breadcrumb\":{\"@id\":\"https:\\\/\\\/lawnch.nl\\\/nl\\\/algemene-voorwaarden\\\/#breadcrumb\"},\"inLanguage\":\"nl-NL\",\"potentialAction\":[{\"@type\":\"ReadAction\",\"target\":[\"https:\\\/\\\/lawnch.nl\\\/nl\\\/algemene-voorwaarden\\\/\"]}]},{\"@type\":\"BreadcrumbList\",\"@id\":\"https:\\\/\\\/lawnch.nl\\\/nl\\\/algemene-voorwaarden\\\/#breadcrumb\",\"itemListElement\":[{\"@type\":\"ListItem\",\"position\":1,\"name\":\"Home\",\"item\":\"https:\\\/\\\/lawnch.nl\\\/nl\\\/\"},{\"@type\":\"ListItem\",\"position\":2,\"name\":\"Algemene Voorwaarden\"}]},{\"@type\":\"WebSite\",\"@id\":\"https:\\\/\\\/lawnch.nl\\\/#website\",\"url\":\"https:\\\/\\\/lawnch.nl\\\/\",\"name\":\"LAWNCH\",\"description\":\"\",\"publisher\":{\"@id\":\"https:\\\/\\\/lawnch.nl\\\/#organization\"},\"potentialAction\":[{\"@type\":\"SearchAction\",\"target\":{\"@type\":\"EntryPoint\",\"urlTemplate\":\"https:\\\/\\\/lawnch.nl\\\/?s={search_term_string}\"},\"query-input\":{\"@type\":\"PropertyValueSpecification\",\"valueRequired\":true,\"valueName\":\"search_term_string\"}}],\"inLanguage\":\"nl-NL\"},{\"@type\":\"Organization\",\"@id\":\"https:\\\/\\\/lawnch.nl\\\/#organization\",\"name\":\"Lawnch\",\"url\":\"https:\\\/\\\/lawnch.nl\\\/\",\"logo\":{\"@type\":\"ImageObject\",\"inLanguage\":\"nl-NL\",\"@id\":\"https:\\\/\\\/lawnch.nl\\\/#\\\/schema\\\/logo\\\/image\\\/\",\"url\":\"https:\\\/\\\/lawnch.nl\\\/wp-content\\\/uploads\\\/2020\\\/09\\\/LOGO_LAWNCH_FINAL2v2-1.png\",\"contentUrl\":\"https:\\\/\\\/lawnch.nl\\\/wp-content\\\/uploads\\\/2020\\\/09\\\/LOGO_LAWNCH_FINAL2v2-1.png\",\"width\":1920,\"height\":633,\"caption\":\"Lawnch\"},\"image\":{\"@id\":\"https:\\\/\\\/lawnch.nl\\\/#\\\/schema\\\/logo\\\/image\\\/\"}}]}<\/script>\n<!-- \/ Yoast SEO plugin. -->","yoast_head_json":{"title":"Algemene Voorwaarden &#8211; LAWNCH","description":"LAWNCH is de handelsnaam en het merk gebruikt door Peerboom Advocatuur B.V. (Kamer van Koophandel nummer 63263661), KVH Beheer B.V. (Kamer van Koophandel nummer 17209535) en Van Roeyen Advocatuur B.V. (Kamer van Koophandel nummer 77692330), die ieder voor zich voor eigen rekening en risico een advocatenkantoor exploiteren en ieder afzonderlijk deze algemene voorwaarden gebruiken, hierna allen aangeduid als LAWNCH.","robots":{"index":"index","follow":"follow","max-snippet":"max-snippet:-1","max-image-preview":"max-image-preview:large","max-video-preview":"max-video-preview:-1"},"canonical":"https:\/\/lawnch.nl\/nl\/algemene-voorwaarden\/","og_locale":"nl_NL","og_type":"article","og_title":"Algemene Voorwaarden &#8211; LAWNCH","og_description":"LAWNCH is de handelsnaam en het merk gebruikt door Peerboom Advocatuur B.V. (Kamer van Koophandel nummer 63263661), KVH Beheer B.V. (Kamer van Koophandel nummer 17209535) en Van Roeyen Advocatuur B.V. (Kamer van Koophandel nummer 77692330), die ieder voor zich voor eigen rekening en risico een advocatenkantoor exploiteren en ieder afzonderlijk deze algemene voorwaarden gebruiken, hierna allen aangeduid als LAWNCH.","og_url":"https:\/\/lawnch.nl\/nl\/algemene-voorwaarden\/","og_site_name":"LAWNCH","article_modified_time":"2023-11-11T22:06:38+00:00","twitter_card":"summary_large_image","twitter_misc":{"Geschatte leestijd":"5 minuten"},"schema":{"@context":"https:\/\/schema.org","@graph":[{"@type":"WebPage","@id":"https:\/\/lawnch.nl\/nl\/algemene-voorwaarden\/","url":"https:\/\/lawnch.nl\/nl\/algemene-voorwaarden\/","name":"Algemene Voorwaarden &#8211; LAWNCH","isPartOf":{"@id":"https:\/\/lawnch.nl\/#website"},"datePublished":"2020-06-06T16:44:13+00:00","dateModified":"2023-11-11T22:06:38+00:00","description":"LAWNCH is de handelsnaam en het merk gebruikt door Peerboom Advocatuur B.V. (Kamer van Koophandel nummer 63263661), KVH Beheer B.V. (Kamer van Koophandel nummer 17209535) en Van Roeyen Advocatuur B.V. (Kamer van Koophandel nummer 77692330), die ieder voor zich voor eigen rekening en risico een advocatenkantoor exploiteren en ieder afzonderlijk deze algemene voorwaarden gebruiken, hierna allen aangeduid als LAWNCH.","breadcrumb":{"@id":"https:\/\/lawnch.nl\/nl\/algemene-voorwaarden\/#breadcrumb"},"inLanguage":"nl-NL","potentialAction":[{"@type":"ReadAction","target":["https:\/\/lawnch.nl\/nl\/algemene-voorwaarden\/"]}]},{"@type":"BreadcrumbList","@id":"https:\/\/lawnch.nl\/nl\/algemene-voorwaarden\/#breadcrumb","itemListElement":[{"@type":"ListItem","position":1,"name":"Home","item":"https:\/\/lawnch.nl\/nl\/"},{"@type":"ListItem","position":2,"name":"Algemene Voorwaarden"}]},{"@type":"WebSite","@id":"https:\/\/lawnch.nl\/#website","url":"https:\/\/lawnch.nl\/","name":"LAWNCH","description":"","publisher":{"@id":"https:\/\/lawnch.nl\/#organization"},"potentialAction":[{"@type":"SearchAction","target":{"@type":"EntryPoint","urlTemplate":"https:\/\/lawnch.nl\/?s={search_term_string}"},"query-input":{"@type":"PropertyValueSpecification","valueRequired":true,"valueName":"search_term_string"}}],"inLanguage":"nl-NL"},{"@type":"Organization","@id":"https:\/\/lawnch.nl\/#organization","name":"Lawnch","url":"https:\/\/lawnch.nl\/","logo":{"@type":"ImageObject","inLanguage":"nl-NL","@id":"https:\/\/lawnch.nl\/#\/schema\/logo\/image\/","url":"https:\/\/lawnch.nl\/wp-content\/uploads\/2020\/09\/LOGO_LAWNCH_FINAL2v2-1.png","contentUrl":"https:\/\/lawnch.nl\/wp-content\/uploads\/2020\/09\/LOGO_LAWNCH_FINAL2v2-1.png","width":1920,"height":633,"caption":"Lawnch"},"image":{"@id":"https:\/\/lawnch.nl\/#\/schema\/logo\/image\/"}}]}},"_links":{"self":[{"href":"https:\/\/lawnch.nl\/nl\/wp-json\/wp\/v2\/pages\/430","targetHints":{"allow":["GET"]}}],"collection":[{"href":"https:\/\/lawnch.nl\/nl\/wp-json\/wp\/v2\/pages"}],"about":[{"href":"https:\/\/lawnch.nl\/nl\/wp-json\/wp\/v2\/types\/page"}],"author":[{"embeddable":true,"href":"https:\/\/lawnch.nl\/nl\/wp-json\/wp\/v2\/users\/1"}],"replies":[{"embeddable":true,"href":"https:\/\/lawnch.nl\/nl\/wp-json\/wp\/v2\/comments?post=430"}],"version-history":[{"count":7,"href":"https:\/\/lawnch.nl\/nl\/wp-json\/wp\/v2\/pages\/430\/revisions"}],"predecessor-version":[{"id":1279,"href":"https:\/\/lawnch.nl\/nl\/wp-json\/wp\/v2\/pages\/430\/revisions\/1279"}],"wp:attachment":[{"href":"https:\/\/lawnch.nl\/nl\/wp-json\/wp\/v2\/media?parent=430"}],"curies":[{"name":"wp","href":"https:\/\/api.w.org\/{rel}","templated":true}]}}